{"id":82,"date":"2020-08-18T08:57:51","date_gmt":"2020-08-18T11:57:51","guid":{"rendered":"https:\/\/savatel.com.br\/loja\/?post_type=product&#038;p=82"},"modified":"2021-04-27T19:48:58","modified_gmt":"2021-04-27T22:48:58","slug":"protetor-termico-da-placa-bomba-a-vacuo-schuster-cod-100298","status":"publish","type":"product","link":"https:\/\/savatel.com.br\/loja\/produto\/protetor-termico-da-placa-bomba-a-vacuo-schuster-cod-100298\/","title":{"rendered":"Protetor t\u00e9rmico da placa Bomba \u00e0 Vacuo Schuster c\u00f3d 100298"},"content":{"rendered":"<p>Protetor t\u00e9rmico da placa Bomba \u00e0 V\u00e1cuo Schuster c\u00f3digo 100298<\/p>\n","protected":false},"excerpt":{"rendered":"<p>Protetor t\u00e9rmico da placa Bomba \u00e0 V\u00e1cuo Schuster c\u00f3digo 100298<\/p>\n","protected":false},"featured_media":83,"comment_status":"open","ping_status":"closed","template":"","meta":[],"product_brand":[],"product_cat":[35,29,40],"product_tag":[64,62,63],"class_list":{"0":"post-82","1":"product","2":"type-product","3":"status-publish","4":"has-post-thumbnail","6":"product_cat-marcas","7":"product_cat-pecas","8":"product_cat-schuster","9":"product_tag-cod-100298","10":"product_tag-protetor-termico-da-placa-bomba-a-vacuo","11":"product_tag-schuster","13":"first","14":"instock","15":"shipping-taxable","16":"product-type-simple"},"jetpack_sharing_enabled":true,"_links":{"self":[{"href":"https:\/\/savatel.com.br\/loja\/wp-json\/wp\/v2\/product\/82","targetHints":{"allow":["GET"]}}],"collection":[{"href":"https:\/\/savatel.com.br\/loja\/wp-json\/wp\/v2\/product"}],"about":[{"href":"https:\/\/savatel.com.br\/loja\/wp-json\/wp\/v2\/types\/product"}],"replies":[{"embeddable":true,"href":"https:\/\/savatel.com.br\/loja\/wp-json\/wp\/v2\/comments?post=82"}],"wp:featuredmedia":[{"embeddable":true,"href":"https:\/\/savatel.com.br\/loja\/wp-json\/wp\/v2\/media\/83"}],"wp:attachment":[{"href":"https:\/\/savatel.com.br\/loja\/wp-json\/wp\/v2\/media?parent=82"}],"wp:term":[{"taxonomy":"product_brand","embeddable":true,"href":"https:\/\/savatel.com.br\/loja\/wp-json\/wp\/v2\/product_brand?post=82"},{"taxonomy":"product_cat","embeddable":true,"href":"https:\/\/savatel.com.br\/loja\/wp-json\/wp\/v2\/product_cat?post=82"},{"taxonomy":"product_tag","embeddable":true,"href":"https:\/\/savatel.com.br\/loja\/wp-json\/wp\/v2\/product_tag?post=82"}],"curies":[{"name":"wp","href":"https:\/\/api.w.org\/{rel}","templated":true}]}}