{"id":71,"date":"2020-08-17T21:40:43","date_gmt":"2020-08-18T00:40:43","guid":{"rendered":"https:\/\/savatel.com.br\/loja\/?post_type=product&#038;p=71"},"modified":"2021-04-27T19:48:40","modified_gmt":"2021-04-27T22:48:40","slug":"tampa-da-cabeca-do-contra-angulo-saevo","status":"publish","type":"product","link":"https:\/\/savatel.com.br\/loja\/produto\/tampa-da-cabeca-do-contra-angulo-saevo\/","title":{"rendered":"Tampa da cabe\u00e7a do contra \u00e2ngulo &#8211; Saevo"},"content":{"rendered":"<p>Tampa da cabe\u00e7a do contra \u00e2ngulo &#8211; Saevo<\/p>\n","protected":false},"excerpt":{"rendered":"<p>Tampa da cabe\u00e7a do contra \u00e2ngulo &#8211; Saevo<\/p>\n","protected":false},"featured_media":72,"comment_status":"open","ping_status":"closed","template":"","meta":[],"product_brand":[],"product_cat":[35,29,52],"product_tag":[57,58],"class_list":{"0":"post-71","1":"product","2":"type-product","3":"status-publish","4":"has-post-thumbnail","6":"product_cat-marcas","7":"product_cat-pecas","8":"product_cat-saevo","9":"product_tag-saevo","10":"product_tag-tampa-da-cabeca-do-contra-angulo","12":"first","13":"instock","14":"shipping-taxable","15":"product-type-simple"},"jetpack_sharing_enabled":true,"_links":{"self":[{"href":"https:\/\/savatel.com.br\/loja\/wp-json\/wp\/v2\/product\/71","targetHints":{"allow":["GET"]}}],"collection":[{"href":"https:\/\/savatel.com.br\/loja\/wp-json\/wp\/v2\/product"}],"about":[{"href":"https:\/\/savatel.com.br\/loja\/wp-json\/wp\/v2\/types\/product"}],"replies":[{"embeddable":true,"href":"https:\/\/savatel.com.br\/loja\/wp-json\/wp\/v2\/comments?post=71"}],"wp:featuredmedia":[{"embeddable":true,"href":"https:\/\/savatel.com.br\/loja\/wp-json\/wp\/v2\/media\/72"}],"wp:attachment":[{"href":"https:\/\/savatel.com.br\/loja\/wp-json\/wp\/v2\/media?parent=71"}],"wp:term":[{"taxonomy":"product_brand","embeddable":true,"href":"https:\/\/savatel.com.br\/loja\/wp-json\/wp\/v2\/product_brand?post=71"},{"taxonomy":"product_cat","embeddable":true,"href":"https:\/\/savatel.com.br\/loja\/wp-json\/wp\/v2\/product_cat?post=71"},{"taxonomy":"product_tag","embeddable":true,"href":"https:\/\/savatel.com.br\/loja\/wp-json\/wp\/v2\/product_tag?post=71"}],"curies":[{"name":"wp","href":"https:\/\/api.w.org\/{rel}","templated":true}]}}