{"id":46,"date":"2020-08-17T20:51:42","date_gmt":"2020-08-17T23:51:42","guid":{"rendered":"https:\/\/savatel.com.br\/loja\/?post_type=product&#038;p=46"},"modified":"2021-04-27T19:54:03","modified_gmt":"2021-04-27T22:54:03","slug":"cabeca-do-contra-angulo-oca-dabi-altante","status":"publish","type":"product","link":"https:\/\/savatel.com.br\/loja\/produto\/cabeca-do-contra-angulo-oca-dabi-altante\/","title":{"rendered":"Cabe\u00e7a do contra-\u00e2ngulo oca &#8211; Dabi Altante"},"content":{"rendered":"<p>Cabe\u00e7a do contra-\u00e2ngulo oca &#8211; Marca Dabi Altante<\/p>\n","protected":false},"excerpt":{"rendered":"<p>Cabe\u00e7a do contra-\u00e2ngulo oca &#8211; Marca Dabi Altante<\/p>\n","protected":false},"featured_media":47,"comment_status":"open","ping_status":"closed","template":"","meta":[],"product_brand":[],"product_cat":[48,35,29],"product_tag":[46,47],"class_list":{"0":"post-46","1":"product","2":"type-product","3":"status-publish","4":"has-post-thumbnail","6":"product_cat-dabi-atlante","7":"product_cat-marcas","8":"product_cat-pecas","9":"product_tag-cabeca-do-contra-angulo-oca","10":"product_tag-marca-dabi-altante","12":"first","13":"instock","14":"shipping-taxable","15":"product-type-simple"},"jetpack_sharing_enabled":true,"_links":{"self":[{"href":"https:\/\/savatel.com.br\/loja\/wp-json\/wp\/v2\/product\/46","targetHints":{"allow":["GET"]}}],"collection":[{"href":"https:\/\/savatel.com.br\/loja\/wp-json\/wp\/v2\/product"}],"about":[{"href":"https:\/\/savatel.com.br\/loja\/wp-json\/wp\/v2\/types\/product"}],"replies":[{"embeddable":true,"href":"https:\/\/savatel.com.br\/loja\/wp-json\/wp\/v2\/comments?post=46"}],"wp:featuredmedia":[{"embeddable":true,"href":"https:\/\/savatel.com.br\/loja\/wp-json\/wp\/v2\/media\/47"}],"wp:attachment":[{"href":"https:\/\/savatel.com.br\/loja\/wp-json\/wp\/v2\/media?parent=46"}],"wp:term":[{"taxonomy":"product_brand","embeddable":true,"href":"https:\/\/savatel.com.br\/loja\/wp-json\/wp\/v2\/product_brand?post=46"},{"taxonomy":"product_cat","embeddable":true,"href":"https:\/\/savatel.com.br\/loja\/wp-json\/wp\/v2\/product_cat?post=46"},{"taxonomy":"product_tag","embeddable":true,"href":"https:\/\/savatel.com.br\/loja\/wp-json\/wp\/v2\/product_tag?post=46"}],"curies":[{"name":"wp","href":"https:\/\/api.w.org\/{rel}","templated":true}]}}