{"id":351,"date":"2020-08-19T11:11:00","date_gmt":"2020-08-19T14:11:00","guid":{"rendered":"https:\/\/savatel.com.br\/loja\/?post_type=product&#038;p=351"},"modified":"2021-04-27T16:31:49","modified_gmt":"2021-04-27T19:31:49","slug":"eixo-pinca-da-caneta-do-motor-de-suspensao-maxx","status":"publish","type":"product","link":"https:\/\/savatel.com.br\/loja\/produto\/eixo-pinca-da-caneta-do-motor-de-suspensao-maxx\/","title":{"rendered":"Eixo pin\u00e7a da caneta do motor de suspens\u00e3o Maxx"},"content":{"rendered":"<p>Eixo pin\u00e7a da caneta do motor de suspens\u00e3o Maxx<\/p>\n","protected":false},"excerpt":{"rendered":"<p>Eixo pin\u00e7a da caneta do motor de suspens\u00e3o Maxx<\/p>\n","protected":false},"featured_media":352,"comment_status":"open","ping_status":"closed","template":"","meta":[],"product_brand":[],"product_cat":[29],"product_tag":[176],"class_list":{"0":"post-351","1":"product","2":"type-product","3":"status-publish","4":"has-post-thumbnail","6":"product_cat-pecas","7":"product_tag-eixo-pinca-da-caneta-do-motor-de-suspensao-maxx","9":"first","10":"instock","11":"shipping-taxable","12":"product-type-simple"},"jetpack_sharing_enabled":true,"_links":{"self":[{"href":"https:\/\/savatel.com.br\/loja\/wp-json\/wp\/v2\/product\/351","targetHints":{"allow":["GET"]}}],"collection":[{"href":"https:\/\/savatel.com.br\/loja\/wp-json\/wp\/v2\/product"}],"about":[{"href":"https:\/\/savatel.com.br\/loja\/wp-json\/wp\/v2\/types\/product"}],"replies":[{"embeddable":true,"href":"https:\/\/savatel.com.br\/loja\/wp-json\/wp\/v2\/comments?post=351"}],"wp:featuredmedia":[{"embeddable":true,"href":"https:\/\/savatel.com.br\/loja\/wp-json\/wp\/v2\/media\/352"}],"wp:attachment":[{"href":"https:\/\/savatel.com.br\/loja\/wp-json\/wp\/v2\/media?parent=351"}],"wp:term":[{"taxonomy":"product_brand","embeddable":true,"href":"https:\/\/savatel.com.br\/loja\/wp-json\/wp\/v2\/product_brand?post=351"},{"taxonomy":"product_cat","embeddable":true,"href":"https:\/\/savatel.com.br\/loja\/wp-json\/wp\/v2\/product_cat?post=351"},{"taxonomy":"product_tag","embeddable":true,"href":"https:\/\/savatel.com.br\/loja\/wp-json\/wp\/v2\/product_tag?post=351"}],"curies":[{"name":"wp","href":"https:\/\/api.w.org\/{rel}","templated":true}]}}