{"id":315,"date":"2020-08-19T10:26:26","date_gmt":"2020-08-19T13:26:26","guid":{"rendered":"https:\/\/savatel.com.br\/loja\/?post_type=product&#038;p=315"},"modified":"2021-04-27T16:46:27","modified_gmt":"2021-04-27T19:46:27","slug":"botao-chave-geral-com-iluminacao-para-motor-beltec-lb100","status":"publish","type":"product","link":"https:\/\/savatel.com.br\/loja\/produto\/botao-chave-geral-com-iluminacao-para-motor-beltec-lb100\/","title":{"rendered":"Bot\u00e3o chave geral com ilumina\u00e7\u00e3o para motor Beltec LB100"},"content":{"rendered":"<p>Bot\u00e3o chave geral com ilumina\u00e7\u00e3o para motor Beltec LB100<\/p>\n","protected":false},"excerpt":{"rendered":"<p>Bot\u00e3o chave geral com ilumina\u00e7\u00e3o para motor Beltec LB100<\/p>\n","protected":false},"featured_media":316,"comment_status":"open","ping_status":"closed","template":"","meta":[],"product_brand":[],"product_cat":[34,35,29],"product_tag":[163,162],"class_list":{"0":"post-315","1":"product","2":"type-product","3":"status-publish","4":"has-post-thumbnail","6":"product_cat-beltec","7":"product_cat-marcas","8":"product_cat-pecas","9":"product_tag-beltec-lb100","10":"product_tag-botao-chave-geral-com-iluminacao-para-motor","12":"first","13":"instock","14":"shipping-taxable","15":"product-type-simple"},"jetpack_sharing_enabled":true,"_links":{"self":[{"href":"https:\/\/savatel.com.br\/loja\/wp-json\/wp\/v2\/product\/315","targetHints":{"allow":["GET"]}}],"collection":[{"href":"https:\/\/savatel.com.br\/loja\/wp-json\/wp\/v2\/product"}],"about":[{"href":"https:\/\/savatel.com.br\/loja\/wp-json\/wp\/v2\/types\/product"}],"replies":[{"embeddable":true,"href":"https:\/\/savatel.com.br\/loja\/wp-json\/wp\/v2\/comments?post=315"}],"wp:featuredmedia":[{"embeddable":true,"href":"https:\/\/savatel.com.br\/loja\/wp-json\/wp\/v2\/media\/316"}],"wp:attachment":[{"href":"https:\/\/savatel.com.br\/loja\/wp-json\/wp\/v2\/media?parent=315"}],"wp:term":[{"taxonomy":"product_brand","embeddable":true,"href":"https:\/\/savatel.com.br\/loja\/wp-json\/wp\/v2\/product_brand?post=315"},{"taxonomy":"product_cat","embeddable":true,"href":"https:\/\/savatel.com.br\/loja\/wp-json\/wp\/v2\/product_cat?post=315"},{"taxonomy":"product_tag","embeddable":true,"href":"https:\/\/savatel.com.br\/loja\/wp-json\/wp\/v2\/product_tag?post=315"}],"curies":[{"name":"wp","href":"https:\/\/api.w.org\/{rel}","templated":true}]}}