{"id":261,"date":"2020-08-18T16:22:25","date_gmt":"2020-08-18T19:22:25","guid":{"rendered":"https:\/\/savatel.com.br\/loja\/?post_type=product&#038;p=261"},"modified":"2021-04-27T16:41:11","modified_gmt":"2021-04-27T19:41:11","slug":"bandeja-auxiliar-plastica-giratoria-saevo-cod-500001409741","status":"publish","type":"product","link":"https:\/\/savatel.com.br\/loja\/produto\/bandeja-auxiliar-plastica-giratoria-saevo-cod-500001409741\/","title":{"rendered":"Bandeja auxiliar pl\u00e1stica girat\u00f3ria Saevo c\u00f3d. 500001409741"},"content":{"rendered":"<p>Bandeja auxiliar pl\u00e1stica girat\u00f3ria Saevo c\u00f3d. 500001409741<\/p>\n","protected":false},"excerpt":{"rendered":"<p>Bandeja auxiliar pl\u00e1stica girat\u00f3ria Saevo c\u00f3d. 500001409741<\/p>\n","protected":false},"featured_media":262,"comment_status":"open","ping_status":"closed","template":"","meta":[],"product_brand":[],"product_cat":[35,29,52],"product_tag":[136,135,57],"class_list":{"0":"post-261","1":"product","2":"type-product","3":"status-publish","4":"has-post-thumbnail","6":"product_cat-marcas","7":"product_cat-pecas","8":"product_cat-saevo","9":"product_tag-136","10":"product_tag-bandeja-auxiliar-plastica-giratoria","11":"product_tag-saevo","13":"first","14":"instock","15":"shipping-taxable","16":"product-type-simple"},"jetpack_sharing_enabled":true,"_links":{"self":[{"href":"https:\/\/savatel.com.br\/loja\/wp-json\/wp\/v2\/product\/261","targetHints":{"allow":["GET"]}}],"collection":[{"href":"https:\/\/savatel.com.br\/loja\/wp-json\/wp\/v2\/product"}],"about":[{"href":"https:\/\/savatel.com.br\/loja\/wp-json\/wp\/v2\/types\/product"}],"replies":[{"embeddable":true,"href":"https:\/\/savatel.com.br\/loja\/wp-json\/wp\/v2\/comments?post=261"}],"wp:featuredmedia":[{"embeddable":true,"href":"https:\/\/savatel.com.br\/loja\/wp-json\/wp\/v2\/media\/262"}],"wp:attachment":[{"href":"https:\/\/savatel.com.br\/loja\/wp-json\/wp\/v2\/media?parent=261"}],"wp:term":[{"taxonomy":"product_brand","embeddable":true,"href":"https:\/\/savatel.com.br\/loja\/wp-json\/wp\/v2\/product_brand?post=261"},{"taxonomy":"product_cat","embeddable":true,"href":"https:\/\/savatel.com.br\/loja\/wp-json\/wp\/v2\/product_cat?post=261"},{"taxonomy":"product_tag","embeddable":true,"href":"https:\/\/savatel.com.br\/loja\/wp-json\/wp\/v2\/product_tag?post=261"}],"curies":[{"name":"wp","href":"https:\/\/api.w.org\/{rel}","templated":true}]}}