{"id":257,"date":"2020-08-18T11:55:40","date_gmt":"2020-08-18T14:55:40","guid":{"rendered":"https:\/\/savatel.com.br\/loja\/?post_type=product&#038;p=257"},"modified":"2021-04-27T16:40:59","modified_gmt":"2021-04-27T19:40:59","slug":"engate-rapido-macho-sem-valvula-6mm","status":"publish","type":"product","link":"https:\/\/savatel.com.br\/loja\/produto\/engate-rapido-macho-sem-valvula-6mm\/","title":{"rendered":"Engate r\u00e1pido macho sem v\u00e1lvula 6mm"},"content":{"rendered":"<p>Engate r\u00e1pido macho sem v\u00e1lvula 6mm<\/p>\n","protected":false},"excerpt":{"rendered":"<p>Engate r\u00e1pido macho sem v\u00e1lvula 6mm<\/p>\n","protected":false},"featured_media":258,"comment_status":"open","ping_status":"closed","template":"","meta":[],"product_brand":[],"product_cat":[29],"product_tag":[134],"class_list":{"0":"post-257","1":"product","2":"type-product","3":"status-publish","4":"has-post-thumbnail","6":"product_cat-pecas","7":"product_tag-engate-rapido-macho-sem-valvula-6mm","9":"first","10":"instock","11":"shipping-taxable","12":"product-type-simple"},"jetpack_sharing_enabled":true,"_links":{"self":[{"href":"https:\/\/savatel.com.br\/loja\/wp-json\/wp\/v2\/product\/257","targetHints":{"allow":["GET"]}}],"collection":[{"href":"https:\/\/savatel.com.br\/loja\/wp-json\/wp\/v2\/product"}],"about":[{"href":"https:\/\/savatel.com.br\/loja\/wp-json\/wp\/v2\/types\/product"}],"replies":[{"embeddable":true,"href":"https:\/\/savatel.com.br\/loja\/wp-json\/wp\/v2\/comments?post=257"}],"wp:featuredmedia":[{"embeddable":true,"href":"https:\/\/savatel.com.br\/loja\/wp-json\/wp\/v2\/media\/258"}],"wp:attachment":[{"href":"https:\/\/savatel.com.br\/loja\/wp-json\/wp\/v2\/media?parent=257"}],"wp:term":[{"taxonomy":"product_brand","embeddable":true,"href":"https:\/\/savatel.com.br\/loja\/wp-json\/wp\/v2\/product_brand?post=257"},{"taxonomy":"product_cat","embeddable":true,"href":"https:\/\/savatel.com.br\/loja\/wp-json\/wp\/v2\/product_cat?post=257"},{"taxonomy":"product_tag","embeddable":true,"href":"https:\/\/savatel.com.br\/loja\/wp-json\/wp\/v2\/product_tag?post=257"}],"curies":[{"name":"wp","href":"https:\/\/api.w.org\/{rel}","templated":true}]}}