{"id":221,"date":"2020-08-18T11:16:49","date_gmt":"2020-08-18T14:16:49","guid":{"rendered":"https:\/\/savatel.com.br\/loja\/?post_type=product&#038;p=221"},"modified":"2021-04-27T19:26:19","modified_gmt":"2021-04-27T22:26:19","slug":"bucha-de-vedacao-para-caneta-de-ultrassom-gnatus","status":"publish","type":"product","link":"https:\/\/savatel.com.br\/loja\/produto\/bucha-de-vedacao-para-caneta-de-ultrassom-gnatus\/","title":{"rendered":"Bucha de veda\u00e7\u00e3o para caneta de ultrassom Gnatus"},"content":{"rendered":"<p>Bucha de veda\u00e7\u00e3o para caneta de ultrassom Gnatus<\/p>\n","protected":false},"excerpt":{"rendered":"<p>Bucha de veda\u00e7\u00e3o para caneta de ultrassom Gnatus<\/p>\n","protected":false},"featured_media":222,"comment_status":"open","ping_status":"closed","template":"","meta":[],"product_brand":[],"product_cat":[38,35,29],"product_tag":[117,80],"class_list":{"0":"post-221","1":"product","2":"type-product","3":"status-publish","4":"has-post-thumbnail","6":"product_cat-gnatus","7":"product_cat-marcas","8":"product_cat-pecas","9":"product_tag-bucha-de-vedacao-para-caneta-de-ultrassom","10":"product_tag-gnatus","12":"first","13":"instock","14":"shipping-taxable","15":"product-type-simple"},"jetpack_sharing_enabled":true,"_links":{"self":[{"href":"https:\/\/savatel.com.br\/loja\/wp-json\/wp\/v2\/product\/221","targetHints":{"allow":["GET"]}}],"collection":[{"href":"https:\/\/savatel.com.br\/loja\/wp-json\/wp\/v2\/product"}],"about":[{"href":"https:\/\/savatel.com.br\/loja\/wp-json\/wp\/v2\/types\/product"}],"replies":[{"embeddable":true,"href":"https:\/\/savatel.com.br\/loja\/wp-json\/wp\/v2\/comments?post=221"}],"wp:featuredmedia":[{"embeddable":true,"href":"https:\/\/savatel.com.br\/loja\/wp-json\/wp\/v2\/media\/222"}],"wp:attachment":[{"href":"https:\/\/savatel.com.br\/loja\/wp-json\/wp\/v2\/media?parent=221"}],"wp:term":[{"taxonomy":"product_brand","embeddable":true,"href":"https:\/\/savatel.com.br\/loja\/wp-json\/wp\/v2\/product_brand?post=221"},{"taxonomy":"product_cat","embeddable":true,"href":"https:\/\/savatel.com.br\/loja\/wp-json\/wp\/v2\/product_cat?post=221"},{"taxonomy":"product_tag","embeddable":true,"href":"https:\/\/savatel.com.br\/loja\/wp-json\/wp\/v2\/product_tag?post=221"}],"curies":[{"name":"wp","href":"https:\/\/api.w.org\/{rel}","templated":true}]}}