{"id":108,"date":"2020-08-18T09:23:51","date_gmt":"2020-08-18T12:23:51","guid":{"rendered":"https:\/\/savatel.com.br\/loja\/?post_type=product&#038;p=108"},"modified":"2021-04-27T19:49:54","modified_gmt":"2021-04-27T22:49:54","slug":"tampa-da-cabeca-do-contra-angulo-dabi-atlante","status":"publish","type":"product","link":"https:\/\/savatel.com.br\/loja\/produto\/tampa-da-cabeca-do-contra-angulo-dabi-atlante\/","title":{"rendered":"Tampa da Cabe\u00e7a do contra \u00e2ngulo Dabi Atlante"},"content":{"rendered":"<p>Tampa da Cabe\u00e7a do contra \u00e2ngulo Dabi Atlante<\/p>\n","protected":false},"excerpt":{"rendered":"<p>Tampa da Cabe\u00e7a do contra \u00e2ngulo Dabi Atlante<\/p>\n","protected":false},"featured_media":109,"comment_status":"open","ping_status":"closed","template":"","meta":[],"product_brand":[],"product_cat":[48,35,29],"product_tag":[32,58],"class_list":{"0":"post-108","1":"product","2":"type-product","3":"status-publish","4":"has-post-thumbnail","6":"product_cat-dabi-atlante","7":"product_cat-marcas","8":"product_cat-pecas","9":"product_tag-dabi-atlante","10":"product_tag-tampa-da-cabeca-do-contra-angulo","12":"first","13":"instock","14":"shipping-taxable","15":"product-type-simple"},"jetpack_sharing_enabled":true,"_links":{"self":[{"href":"https:\/\/savatel.com.br\/loja\/wp-json\/wp\/v2\/product\/108","targetHints":{"allow":["GET"]}}],"collection":[{"href":"https:\/\/savatel.com.br\/loja\/wp-json\/wp\/v2\/product"}],"about":[{"href":"https:\/\/savatel.com.br\/loja\/wp-json\/wp\/v2\/types\/product"}],"replies":[{"embeddable":true,"href":"https:\/\/savatel.com.br\/loja\/wp-json\/wp\/v2\/comments?post=108"}],"wp:featuredmedia":[{"embeddable":true,"href":"https:\/\/savatel.com.br\/loja\/wp-json\/wp\/v2\/media\/109"}],"wp:attachment":[{"href":"https:\/\/savatel.com.br\/loja\/wp-json\/wp\/v2\/media?parent=108"}],"wp:term":[{"taxonomy":"product_brand","embeddable":true,"href":"https:\/\/savatel.com.br\/loja\/wp-json\/wp\/v2\/product_brand?post=108"},{"taxonomy":"product_cat","embeddable":true,"href":"https:\/\/savatel.com.br\/loja\/wp-json\/wp\/v2\/product_cat?post=108"},{"taxonomy":"product_tag","embeddable":true,"href":"https:\/\/savatel.com.br\/loja\/wp-json\/wp\/v2\/product_tag?post=108"}],"curies":[{"name":"wp","href":"https:\/\/api.w.org\/{rel}","templated":true}]}}