{"id":102,"date":"2020-08-18T09:16:44","date_gmt":"2020-08-18T12:16:44","guid":{"rendered":"https:\/\/savatel.com.br\/loja\/?post_type=product&#038;p=102"},"modified":"2021-04-27T19:49:41","modified_gmt":"2021-04-27T22:49:41","slug":"tampa-do-spray-da-alta-rotacao-saevo","status":"publish","type":"product","link":"https:\/\/savatel.com.br\/loja\/produto\/tampa-do-spray-da-alta-rotacao-saevo\/","title":{"rendered":"Tampa do Spray da alta rota\u00e7\u00e3o Saevo"},"content":{"rendered":"<p>Tampa do Spray da alta rota\u00e7\u00e3o Saevo<\/p>\n","protected":false},"excerpt":{"rendered":"<p>Tampa do Spray da alta rota\u00e7\u00e3o Saevo<\/p>\n","protected":false},"featured_media":103,"comment_status":"open","ping_status":"closed","template":"","meta":[],"product_brand":[],"product_cat":[35,29,52],"product_tag":[57,71],"class_list":{"0":"post-102","1":"product","2":"type-product","3":"status-publish","4":"has-post-thumbnail","6":"product_cat-marcas","7":"product_cat-pecas","8":"product_cat-saevo","9":"product_tag-saevo","10":"product_tag-tampa-do-spray-da-alta-rotacao","12":"first","13":"instock","14":"shipping-taxable","15":"product-type-simple"},"jetpack_sharing_enabled":true,"_links":{"self":[{"href":"https:\/\/savatel.com.br\/loja\/wp-json\/wp\/v2\/product\/102","targetHints":{"allow":["GET"]}}],"collection":[{"href":"https:\/\/savatel.com.br\/loja\/wp-json\/wp\/v2\/product"}],"about":[{"href":"https:\/\/savatel.com.br\/loja\/wp-json\/wp\/v2\/types\/product"}],"replies":[{"embeddable":true,"href":"https:\/\/savatel.com.br\/loja\/wp-json\/wp\/v2\/comments?post=102"}],"wp:featuredmedia":[{"embeddable":true,"href":"https:\/\/savatel.com.br\/loja\/wp-json\/wp\/v2\/media\/103"}],"wp:attachment":[{"href":"https:\/\/savatel.com.br\/loja\/wp-json\/wp\/v2\/media?parent=102"}],"wp:term":[{"taxonomy":"product_brand","embeddable":true,"href":"https:\/\/savatel.com.br\/loja\/wp-json\/wp\/v2\/product_brand?post=102"},{"taxonomy":"product_cat","embeddable":true,"href":"https:\/\/savatel.com.br\/loja\/wp-json\/wp\/v2\/product_cat?post=102"},{"taxonomy":"product_tag","embeddable":true,"href":"https:\/\/savatel.com.br\/loja\/wp-json\/wp\/v2\/product_tag?post=102"}],"curies":[{"name":"wp","href":"https:\/\/api.w.org\/{rel}","templated":true}]}}